{"id":625,"date":"2021-08-28T09:31:29","date_gmt":"2021-08-28T09:31:29","guid":{"rendered":"https:\/\/xn--oberdrferbrot-mmb.mhit.ch\/?page_id=625"},"modified":"2021-09-03T09:37:13","modified_gmt":"2021-09-03T09:37:13","slug":"impressum","status":"publish","type":"page","link":"https:\/\/xn--oberdrferbrot-mmb.ch\/?page_id=625","title":{"rendered":"Impressum"},"content":{"rendered":"\t\t<div data-elementor-type=\"wp-page\" data-elementor-id=\"625\" class=\"elementor elementor-625\" data-elementor-settings=\"[]\">\n\t\t\t\t\t\t\t<div class=\"elementor-section-wrap\">\n\t\t\t\t\t\t\t<section class=\"elementor-section elementor-top-section elementor-element elementor-element-7c9f584 elementor-section-content-middle elementor-section-boxed elementor-section-height-default elementor-section-height-default\" data-id=\"7c9f584\" data-element_type=\"section\" data-settings=\"{&quot;background_background&quot;:&quot;classic&quot;}\">\n\t\t\t\t\t\t<div class=\"elementor-container elementor-column-gap-default\">\n\t\t\t\t\t<div class=\"elementor-column elementor-col-100 elementor-top-column elementor-element elementor-element-573978a\" data-id=\"573978a\" data-element_type=\"column\">\n\t\t\t<div class=\"elementor-widget-wrap elementor-element-populated\">\n\t\t\t\t\t\t\t\t<div class=\"elementor-element elementor-element-5e94e0e elementor-widget elementor-widget-heading\" data-id=\"5e94e0e\" data-element_type=\"widget\" data-widget_type=\"heading.default\">\n\t\t\t\t<div class=\"elementor-widget-container\">\n\t\t\t<h2 class=\"elementor-heading-title elementor-size-default\">oberd\u00f6rferbrot.ch<\/h2>\t\t<\/div>\n\t\t\t\t<\/div>\n\t\t\t\t<div class=\"elementor-element elementor-element-5b8222a elementor-widget elementor-widget-heading\" data-id=\"5b8222a\" data-element_type=\"widget\" data-widget_type=\"heading.default\">\n\t\t\t\t<div class=\"elementor-widget-container\">\n\t\t\t<h2 class=\"elementor-heading-title elementor-size-default\">Impressum<\/h2>\t\t<\/div>\n\t\t\t\t<\/div>\n\t\t\t\t<div class=\"elementor-element elementor-element-c20a5b8 elementor-widget elementor-widget-text-editor\" data-id=\"c20a5b8\" data-element_type=\"widget\" data-widget_type=\"text-editor.default\">\n\t\t\t\t<div class=\"elementor-widget-container\">\n\t\t\t\t\t\t\t<p>Oberd\u00f6rfer Brot<br \/>Lukas W\u00e4fler<br \/>Hauptstrasse 18a<br \/>4436 Oberdorf BL<\/p><p>lukas.waefler(at)bluewin.ch<\/p><p>Alle Rechte vorbehalten.\u00a0<br \/>\u00a9 2021 Oberd\u00f6rferbrot<\/p><p>Oberd\u00f6rferbrot \u00fcbernimmt keine Haftung (inhaltlicher und technischer Natur) f\u00fcr Links auf Websites von Dritten und f\u00fcr deren Verlinkungen.<\/p>\t\t\t\t\t\t<\/div>\n\t\t\t\t<\/div>\n\t\t\t\t<div class=\"elementor-element elementor-element-ae9eac6 elementor-widget-divider--view-line elementor-widget elementor-widget-divider\" data-id=\"ae9eac6\" data-element_type=\"widget\" data-widget_type=\"divider.default\">\n\t\t\t\t<div class=\"elementor-widget-container\">\n\t\t\t\t\t<div class=\"elementor-divider\">\n\t\t\t<span class=\"elementor-divider-separator\">\n\t\t\t\t\t\t<\/span>\n\t\t<\/div>\n\t\t\t\t<\/div>\n\t\t\t\t<\/div>\n\t\t\t\t\t<\/div>\n\t\t<\/div>\n\t\t\t\t\t\t\t<\/div>\n\t\t<\/section>\n\t\t\t\t\t\t<\/div>\n\t\t\t\t\t<\/div>\n\t\t","protected":false},"excerpt":{"rendered":"<p>oberd\u00f6rferbrot.ch Impressum Oberd\u00f6rfer Brot Lukas W\u00e4fler Hauptstrasse 18a 4436 Oberdorf BL lukas.waefler(at)bluewin.ch Alle Rechte vorbehalten.&nbsp; \u00a9 2021 Oberd\u00f6rferbrot Oberd\u00f6rferbrot \u00fcbernimmt keine Haftung (inhaltlicher und technischer Natur) f\u00fcr Links auf Websites von Dritten und f\u00fcr deren Verlinkungen.<\/p>\n","protected":false},"author":2,"featured_media":0,"parent":0,"menu_order":0,"comment_status":"closed","ping_status":"closed","template":"","meta":[],"_links":{"self":[{"href":"https:\/\/xn--oberdrferbrot-mmb.ch\/index.php?rest_route=\/wp\/v2\/pages\/625"}],"collection":[{"href":"https:\/\/xn--oberdrferbrot-mmb.ch\/index.php?rest_route=\/wp\/v2\/pages"}],"about":[{"href":"https:\/\/xn--oberdrferbrot-mmb.ch\/index.php?rest_route=\/wp\/v2\/types\/page"}],"author":[{"embeddable":true,"href":"https:\/\/xn--oberdrferbrot-mmb.ch\/index.php?rest_route=\/wp\/v2\/users\/2"}],"replies":[{"embeddable":true,"href":"https:\/\/xn--oberdrferbrot-mmb.ch\/index.php?rest_route=%2Fwp%2Fv2%2Fcomments&post=625"}],"version-history":[{"count":12,"href":"https:\/\/xn--oberdrferbrot-mmb.ch\/index.php?rest_route=\/wp\/v2\/pages\/625\/revisions"}],"predecessor-version":[{"id":691,"href":"https:\/\/xn--oberdrferbrot-mmb.ch\/index.php?rest_route=\/wp\/v2\/pages\/625\/revisions\/691"}],"wp:attachment":[{"href":"https:\/\/xn--oberdrferbrot-mmb.ch\/index.php?rest_route=%2Fwp%2Fv2%2Fmedia&parent=625"}],"curies":[{"name":"wp","href":"https:\/\/api.w.org\/{rel}","templated":true}]}}