{"id":36,"date":"2021-08-04T15:06:43","date_gmt":"2021-08-04T15:06:43","guid":{"rendered":"https:\/\/xn--oberdrferbrot-mmb.mhit.ch\/?page_id=36"},"modified":"2026-02-02T18:53:51","modified_gmt":"2026-02-02T18:53:51","slug":"ueber-uns","status":"publish","type":"page","link":"https:\/\/xn--oberdrferbrot-mmb.ch\/?page_id=36","title":{"rendered":"\u00dcber uns"},"content":{"rendered":"\t\t<div data-elementor-type=\"wp-page\" data-elementor-id=\"36\" class=\"elementor elementor-36\" data-elementor-settings=\"[]\">\n\t\t\t\t\t\t\t<div class=\"elementor-section-wrap\">\n\t\t\t\t\t\t\t<section class=\"elementor-section elementor-top-section elementor-element elementor-element-7343186 elementor-section-content-middle elementor-section-boxed elementor-section-height-default elementor-section-height-default\" data-id=\"7343186\" data-element_type=\"section\" data-settings=\"{&quot;background_background&quot;:&quot;classic&quot;}\">\n\t\t\t\t\t\t<div class=\"elementor-container elementor-column-gap-no\">\n\t\t\t\t\t<div class=\"elementor-column elementor-col-50 elementor-top-column elementor-element elementor-element-1dc70f34\" data-id=\"1dc70f34\" data-element_type=\"column\">\n\t\t\t<div class=\"elementor-widget-wrap elementor-element-populated\">\n\t\t\t\t\t\t\t\t<div class=\"elementor-element elementor-element-22e72b6e elementor-widget elementor-widget-heading\" data-id=\"22e72b6e\" data-element_type=\"widget\" data-widget_type=\"heading.default\">\n\t\t\t\t<div class=\"elementor-widget-container\">\n\t\t\t<h1 class=\"elementor-heading-title elementor-size-default\">Wer<\/h1>\t\t<\/div>\n\t\t\t\t<\/div>\n\t\t\t\t<div class=\"elementor-element elementor-element-18a6e0e elementor-widget elementor-widget-heading\" data-id=\"18a6e0e\" data-element_type=\"widget\" data-widget_type=\"heading.default\">\n\t\t\t\t<div class=\"elementor-widget-container\">\n\t\t\t<h2 class=\"elementor-heading-title elementor-size-default\">wir sind<\/h2>\t\t<\/div>\n\t\t\t\t<\/div>\n\t\t\t\t<div class=\"elementor-element elementor-element-28a6047e elementor-widget elementor-widget-text-editor\" data-id=\"28a6047e\" data-element_type=\"widget\" data-widget_type=\"text-editor.default\">\n\t\t\t\t<div class=\"elementor-widget-container\">\n\t\t\t\t\t\t\t<p>Wir sind Rahel und Lukas W\u00e4fler. Als gelernter B\u00e4cker und kaufm\u00e4nnische Angestellte erg\u00e4nzen wir uns herrvorragend in unseren T\u00e4tigkeiten und wir sch\u00e4tzen den pers\u00f6nlichen Kontakt zu unseren Kunden.<\/p>\t\t\t\t\t\t<\/div>\n\t\t\t\t<\/div>\n\t\t\t\t<div class=\"elementor-element elementor-element-78037f28 elementor-widget-divider--view-line elementor-widget elementor-widget-divider\" data-id=\"78037f28\" data-element_type=\"widget\" data-widget_type=\"divider.default\">\n\t\t\t\t<div class=\"elementor-widget-container\">\n\t\t\t\t\t<div class=\"elementor-divider\">\n\t\t\t<span class=\"elementor-divider-separator\">\n\t\t\t\t\t\t<\/span>\n\t\t<\/div>\n\t\t\t\t<\/div>\n\t\t\t\t<\/div>\n\t\t\t\t\t<\/div>\n\t\t<\/div>\n\t\t\t\t<div class=\"elementor-column elementor-col-50 elementor-top-column elementor-element elementor-element-134b22f3\" data-id=\"134b22f3\" data-element_type=\"column\">\n\t\t\t<div class=\"elementor-widget-wrap elementor-element-populated\">\n\t\t\t\t\t\t\t\t<div class=\"elementor-element elementor-element-2544783a elementor-widget elementor-widget-image\" data-id=\"2544783a\" data-element_type=\"widget\" data-widget_type=\"image.default\">\n\t\t\t\t<div class=\"elementor-widget-container\">\n\t\t\t\t\t\t\t\t\t\t\t\t\t\t\t<img width=\"2560\" height=\"1696\" src=\"https:\/\/xn--oberdrferbrot-mmb.ch\/wp-content\/uploads\/2021\/08\/DSC_7217-scaled.jpg\" class=\"attachment-full size-full\" alt=\"\" loading=\"lazy\" srcset=\"https:\/\/xn--oberdrferbrot-mmb.ch\/wp-content\/uploads\/2021\/08\/DSC_7217-scaled.jpg 2560w, https:\/\/xn--oberdrferbrot-mmb.ch\/wp-content\/uploads\/2021\/08\/DSC_7217-300x199.jpg 300w, https:\/\/xn--oberdrferbrot-mmb.ch\/wp-content\/uploads\/2021\/08\/DSC_7217-1024x678.jpg 1024w, https:\/\/xn--oberdrferbrot-mmb.ch\/wp-content\/uploads\/2021\/08\/DSC_7217-768x509.jpg 768w, https:\/\/xn--oberdrferbrot-mmb.ch\/wp-content\/uploads\/2021\/08\/DSC_7217-1536x1017.jpg 1536w, https:\/\/xn--oberdrferbrot-mmb.ch\/wp-content\/uploads\/2021\/08\/DSC_7217-2048x1356.jpg 2048w\" sizes=\"(max-width: 2560px) 100vw, 2560px\" \/>\t\t\t\t\t\t\t\t\t\t\t\t\t\t\t<\/div>\n\t\t\t\t<\/div>\n\t\t\t\t\t<\/div>\n\t\t<\/div>\n\t\t\t\t\t\t\t<\/div>\n\t\t<\/section>\n\t\t\t\t<section class=\"elementor-section elementor-top-section elementor-element elementor-element-e8c041f elementor-section-content-middle elementor-section-boxed elementor-section-height-default elementor-section-height-default\" data-id=\"e8c041f\" data-element_type=\"section\" data-settings=\"{&quot;background_background&quot;:&quot;classic&quot;}\">\n\t\t\t\t\t\t<div class=\"elementor-container elementor-column-gap-no\">\n\t\t\t\t\t<div class=\"elementor-column elementor-col-50 elementor-top-column elementor-element elementor-element-6433348\" data-id=\"6433348\" data-element_type=\"column\">\n\t\t\t<div class=\"elementor-widget-wrap elementor-element-populated\">\n\t\t\t\t\t\t\t\t<div class=\"elementor-element elementor-element-42e4cc5b elementor-hidden-tablet elementor-hidden-mobile elementor-widget elementor-widget-image\" data-id=\"42e4cc5b\" data-element_type=\"widget\" data-widget_type=\"image.default\">\n\t\t\t\t<div class=\"elementor-widget-container\">\n\t\t\t\t\t\t\t\t\t\t\t\t\t\t\t<img width=\"2250\" height=\"1563\" src=\"https:\/\/xn--oberdrferbrot-mmb.ch\/wp-content\/uploads\/2026\/02\/20260202_163417_Bearbeitet02.jpg\" class=\"attachment-full size-full\" alt=\"\" loading=\"lazy\" srcset=\"https:\/\/xn--oberdrferbrot-mmb.ch\/wp-content\/uploads\/2026\/02\/20260202_163417_Bearbeitet02.jpg 2250w, https:\/\/xn--oberdrferbrot-mmb.ch\/wp-content\/uploads\/2026\/02\/20260202_163417_Bearbeitet02-300x208.jpg 300w, https:\/\/xn--oberdrferbrot-mmb.ch\/wp-content\/uploads\/2026\/02\/20260202_163417_Bearbeitet02-1024x711.jpg 1024w, https:\/\/xn--oberdrferbrot-mmb.ch\/wp-content\/uploads\/2026\/02\/20260202_163417_Bearbeitet02-768x534.jpg 768w, https:\/\/xn--oberdrferbrot-mmb.ch\/wp-content\/uploads\/2026\/02\/20260202_163417_Bearbeitet02-1536x1067.jpg 1536w, https:\/\/xn--oberdrferbrot-mmb.ch\/wp-content\/uploads\/2026\/02\/20260202_163417_Bearbeitet02-2048x1423.jpg 2048w\" sizes=\"(max-width: 2250px) 100vw, 2250px\" \/>\t\t\t\t\t\t\t\t\t\t\t\t\t\t\t<\/div>\n\t\t\t\t<\/div>\n\t\t\t\t\t<\/div>\n\t\t<\/div>\n\t\t\t\t<div class=\"elementor-column elementor-col-50 elementor-top-column elementor-element elementor-element-24b16afe\" data-id=\"24b16afe\" data-element_type=\"column\">\n\t\t\t<div class=\"elementor-widget-wrap elementor-element-populated\">\n\t\t\t\t\t\t\t\t<div class=\"elementor-element elementor-element-492a3ad0 elementor-widget elementor-widget-heading\" data-id=\"492a3ad0\" data-element_type=\"widget\" data-widget_type=\"heading.default\">\n\t\t\t\t<div class=\"elementor-widget-container\">\n\t\t\t<h2 class=\"elementor-heading-title elementor-size-default\">Lukas<\/h2>\t\t<\/div>\n\t\t\t\t<\/div>\n\t\t\t\t<div class=\"elementor-element elementor-element-259c0d24 elementor-widget elementor-widget-heading\" data-id=\"259c0d24\" data-element_type=\"widget\" data-widget_type=\"heading.default\">\n\t\t\t\t<div class=\"elementor-widget-container\">\n\t\t\t<h2 class=\"elementor-heading-title elementor-size-default\">Der B\u00e4cker<\/h2>\t\t<\/div>\n\t\t\t\t<\/div>\n\t\t\t\t<div class=\"elementor-element elementor-element-4ad97583 elementor-widget elementor-widget-text-editor\" data-id=\"4ad97583\" data-element_type=\"widget\" data-widget_type=\"text-editor.default\">\n\t\t\t\t<div class=\"elementor-widget-container\">\n\t\t\t\t\t\t\t<p>Als gelernter B\u00e4cker lebt Lukas hier seine Leidenschaft mit Mehl, Wasser und weiteren Zutaten zu experimentieren aus.<\/p><p>Von ihm werden alle Brote von A bis Z handgemacht.<\/p><p>In das Verkaufssortiment wird nur aufgenommen, was seinen Anspr\u00fcchen entspricht und was er selbst auch gerne isst.<\/p>\t\t\t\t\t\t<\/div>\n\t\t\t\t<\/div>\n\t\t\t\t<div class=\"elementor-element elementor-element-26d085b elementor-widget-divider--view-line elementor-widget elementor-widget-divider\" data-id=\"26d085b\" data-element_type=\"widget\" data-widget_type=\"divider.default\">\n\t\t\t\t<div class=\"elementor-widget-container\">\n\t\t\t\t\t<div class=\"elementor-divider\">\n\t\t\t<span class=\"elementor-divider-separator\">\n\t\t\t\t\t\t<\/span>\n\t\t<\/div>\n\t\t\t\t<\/div>\n\t\t\t\t<\/div>\n\t\t\t\t\t<\/div>\n\t\t<\/div>\n\t\t\t\t\t\t\t<\/div>\n\t\t<\/section>\n\t\t\t\t<section class=\"elementor-section elementor-top-section elementor-element elementor-element-4d51b620 elementor-section-content-middle elementor-reverse-mobile elementor-section-boxed elementor-section-height-default elementor-section-height-default\" data-id=\"4d51b620\" data-element_type=\"section\" data-settings=\"{&quot;background_background&quot;:&quot;classic&quot;}\">\n\t\t\t\t\t\t<div class=\"elementor-container elementor-column-gap-no\">\n\t\t\t\t\t<div class=\"elementor-column elementor-col-50 elementor-top-column elementor-element elementor-element-4097c274\" data-id=\"4097c274\" data-element_type=\"column\">\n\t\t\t<div class=\"elementor-widget-wrap elementor-element-populated\">\n\t\t\t\t\t\t\t\t<div class=\"elementor-element elementor-element-15e4ac1a elementor-widget elementor-widget-heading\" data-id=\"15e4ac1a\" data-element_type=\"widget\" data-widget_type=\"heading.default\">\n\t\t\t\t<div class=\"elementor-widget-container\">\n\t\t\t<h2 class=\"elementor-heading-title elementor-size-default\">Rahel<\/h2>\t\t<\/div>\n\t\t\t\t<\/div>\n\t\t\t\t<div class=\"elementor-element elementor-element-53316636 elementor-widget elementor-widget-heading\" data-id=\"53316636\" data-element_type=\"widget\" data-widget_type=\"heading.default\">\n\t\t\t\t<div class=\"elementor-widget-container\">\n\t\t\t<h2 class=\"elementor-heading-title elementor-size-default\">Die \"Managerin\"<\/h2>\t\t<\/div>\n\t\t\t\t<\/div>\n\t\t\t\t<div class=\"elementor-element elementor-element-25e7a6f5 elementor-widget elementor-widget-text-editor\" data-id=\"25e7a6f5\" data-element_type=\"widget\" data-widget_type=\"text-editor.default\">\n\t\t\t\t<div class=\"elementor-widget-container\">\n\t\t\t\t\t\t\t<p>Als Kaufm\u00e4nnische Angestellte bringt Rahel die n\u00f6tigen Kenntnisse mit, um darum zu sorgen, dass &#8222;der Laden l\u00e4uft&#8220;. Sie managt den Verkauf, die Buchhaltung und alles &#8222;Drum herum&#8220;.<\/p><p>Im Advent steht auch sie gerne mal vor dem Backofen oder l\u00e4sst ihrer Kreativit\u00e4t freien Lauf beim dekorieren der L\u00e4bch\u00fceche.<\/p>\t\t\t\t\t\t<\/div>\n\t\t\t\t<\/div>\n\t\t\t\t<div class=\"elementor-element elementor-element-671ff6b7 elementor-widget-divider--view-line elementor-widget elementor-widget-divider\" data-id=\"671ff6b7\" data-element_type=\"widget\" data-widget_type=\"divider.default\">\n\t\t\t\t<div class=\"elementor-widget-container\">\n\t\t\t\t\t<div class=\"elementor-divider\">\n\t\t\t<span class=\"elementor-divider-separator\">\n\t\t\t\t\t\t<\/span>\n\t\t<\/div>\n\t\t\t\t<\/div>\n\t\t\t\t<\/div>\n\t\t\t\t\t<\/div>\n\t\t<\/div>\n\t\t\t\t<div class=\"elementor-column elementor-col-50 elementor-top-column elementor-element elementor-element-1428c82b\" data-id=\"1428c82b\" data-element_type=\"column\">\n\t\t\t<div class=\"elementor-widget-wrap elementor-element-populated\">\n\t\t\t\t\t\t\t\t<div class=\"elementor-element elementor-element-59c5171a elementor-hidden-tablet elementor-hidden-mobile elementor-widget elementor-widget-image\" data-id=\"59c5171a\" data-element_type=\"widget\" data-widget_type=\"image.default\">\n\t\t\t\t<div class=\"elementor-widget-container\">\n\t\t\t\t\t\t\t\t\t\t\t\t\t\t\t<img width=\"2560\" height=\"1696\" src=\"https:\/\/xn--oberdrferbrot-mmb.ch\/wp-content\/uploads\/2021\/08\/DSC_7201-scaled.jpg\" class=\"attachment-full size-full\" alt=\"\" loading=\"lazy\" srcset=\"https:\/\/xn--oberdrferbrot-mmb.ch\/wp-content\/uploads\/2021\/08\/DSC_7201-scaled.jpg 2560w, https:\/\/xn--oberdrferbrot-mmb.ch\/wp-content\/uploads\/2021\/08\/DSC_7201-300x199.jpg 300w, https:\/\/xn--oberdrferbrot-mmb.ch\/wp-content\/uploads\/2021\/08\/DSC_7201-1024x678.jpg 1024w, https:\/\/xn--oberdrferbrot-mmb.ch\/wp-content\/uploads\/2021\/08\/DSC_7201-768x509.jpg 768w, https:\/\/xn--oberdrferbrot-mmb.ch\/wp-content\/uploads\/2021\/08\/DSC_7201-1536x1017.jpg 1536w, https:\/\/xn--oberdrferbrot-mmb.ch\/wp-content\/uploads\/2021\/08\/DSC_7201-2048x1356.jpg 2048w\" sizes=\"(max-width: 2560px) 100vw, 2560px\" \/>\t\t\t\t\t\t\t\t\t\t\t\t\t\t\t<\/div>\n\t\t\t\t<\/div>\n\t\t\t\t\t<\/div>\n\t\t<\/div>\n\t\t\t\t\t\t\t<\/div>\n\t\t<\/section>\n\t\t\t\t\t\t<\/div>\n\t\t\t\t\t<\/div>\n\t\t","protected":false},"excerpt":{"rendered":"<p>Wer wir sind Wir sind Rahel und Lukas W\u00e4fler. Als gelernter B\u00e4cker und kaufm\u00e4nnische Angestellte erg\u00e4nzen wir uns herrvorragend in unseren T\u00e4tigkeiten und wir sch\u00e4tzen den pers\u00f6nlichen Kontakt zu unseren Kunden. Lukas Der B\u00e4cker Als gelernter B\u00e4cker lebt Lukas hier seine Leidenschaft mit Mehl, Wasser und weiteren Zutaten zu experimentieren aus. Von ihm werden alle [&hellip;]<\/p>\n","protected":false},"author":2,"featured_media":0,"parent":0,"menu_order":0,"comment_status":"closed","ping_status":"closed","template":"","meta":[],"_links":{"self":[{"href":"https:\/\/xn--oberdrferbrot-mmb.ch\/index.php?rest_route=\/wp\/v2\/pages\/36"}],"collection":[{"href":"https:\/\/xn--oberdrferbrot-mmb.ch\/index.php?rest_route=\/wp\/v2\/pages"}],"about":[{"href":"https:\/\/xn--oberdrferbrot-mmb.ch\/index.php?rest_route=\/wp\/v2\/types\/page"}],"author":[{"embeddable":true,"href":"https:\/\/xn--oberdrferbrot-mmb.ch\/index.php?rest_route=\/wp\/v2\/users\/2"}],"replies":[{"embeddable":true,"href":"https:\/\/xn--oberdrferbrot-mmb.ch\/index.php?rest_route=%2Fwp%2Fv2%2Fcomments&post=36"}],"version-history":[{"count":74,"href":"https:\/\/xn--oberdrferbrot-mmb.ch\/index.php?rest_route=\/wp\/v2\/pages\/36\/revisions"}],"predecessor-version":[{"id":1173,"href":"https:\/\/xn--oberdrferbrot-mmb.ch\/index.php?rest_route=\/wp\/v2\/pages\/36\/revisions\/1173"}],"wp:attachment":[{"href":"https:\/\/xn--oberdrferbrot-mmb.ch\/index.php?rest_route=%2Fwp%2Fv2%2Fmedia&parent=36"}],"curies":[{"name":"wp","href":"https:\/\/api.w.org\/{rel}","templated":true}]}}