{"id":352,"date":"2021-08-18T19:29:15","date_gmt":"2021-08-18T19:29:15","guid":{"rendered":"https:\/\/xn--oberdrferbrot-mmb.mhit.ch\/?page_id=352"},"modified":"2026-02-04T17:11:03","modified_gmt":"2026-02-04T17:11:03","slug":"unser-verkaufsladen","status":"publish","type":"page","link":"https:\/\/xn--oberdrferbrot-mmb.ch\/?page_id=352","title":{"rendered":"Unser Verkaufsladen"},"content":{"rendered":"\t\t<div data-elementor-type=\"wp-page\" data-elementor-id=\"352\" class=\"elementor elementor-352\" data-elementor-settings=\"[]\">\n\t\t\t\t\t\t\t<div class=\"elementor-section-wrap\">\n\t\t\t\t\t\t\t<section class=\"elementor-section elementor-top-section elementor-element elementor-element-261c16e5 elementor-section-content-middle elementor-section-boxed elementor-section-height-default elementor-section-height-default\" data-id=\"261c16e5\" data-element_type=\"section\" data-settings=\"{&quot;background_background&quot;:&quot;classic&quot;}\">\n\t\t\t\t\t\t<div class=\"elementor-container elementor-column-gap-default\">\n\t\t\t\t\t<div class=\"elementor-column elementor-col-50 elementor-top-column elementor-element elementor-element-4a62600c\" data-id=\"4a62600c\" data-element_type=\"column\">\n\t\t\t<div class=\"elementor-widget-wrap elementor-element-populated\">\n\t\t\t\t\t\t\t\t<div class=\"elementor-element elementor-element-8da5636 elementor-widget elementor-widget-heading\" data-id=\"8da5636\" data-element_type=\"widget\" data-widget_type=\"heading.default\">\n\t\t\t\t<div class=\"elementor-widget-container\">\n\t\t\t<h2 class=\"elementor-heading-title elementor-size-default\">immer Dienstags<\/h2>\t\t<\/div>\n\t\t\t\t<\/div>\n\t\t\t\t<div class=\"elementor-element elementor-element-59b7cfa7 elementor-widget elementor-widget-heading\" data-id=\"59b7cfa7\" data-element_type=\"widget\" data-widget_type=\"heading.default\">\n\t\t\t\t<div class=\"elementor-widget-container\">\n\t\t\t<h2 class=\"elementor-heading-title elementor-size-default\">unser Verkaufsladen<\/h2>\t\t<\/div>\n\t\t\t\t<\/div>\n\t\t\t\t<div class=\"elementor-element elementor-element-57d2ab2 elementor-widget elementor-widget-text-editor\" data-id=\"57d2ab2\" data-element_type=\"widget\" data-widget_type=\"text-editor.default\">\n\t\t\t\t<div class=\"elementor-widget-container\">\n\t\t\t\t\t\t\t<p>Jeden Dienstag bieten wir unser Standardsortiment zum Verkauf an.<\/p>\t\t\t\t\t\t<\/div>\n\t\t\t\t<\/div>\n\t\t\t\t<div class=\"elementor-element elementor-element-082462d elementor-widget-divider--view-line elementor-widget elementor-widget-divider\" data-id=\"082462d\" data-element_type=\"widget\" data-widget_type=\"divider.default\">\n\t\t\t\t<div class=\"elementor-widget-container\">\n\t\t\t\t\t<div class=\"elementor-divider\">\n\t\t\t<span class=\"elementor-divider-separator\">\n\t\t\t\t\t\t<\/span>\n\t\t<\/div>\n\t\t\t\t<\/div>\n\t\t\t\t<\/div>\n\t\t\t\t\t<\/div>\n\t\t<\/div>\n\t\t\t\t<div class=\"elementor-column elementor-col-50 elementor-top-column elementor-element elementor-element-2bd8e49a\" data-id=\"2bd8e49a\" data-element_type=\"column\">\n\t\t\t<div class=\"elementor-widget-wrap elementor-element-populated\">\n\t\t\t\t\t\t\t\t<div class=\"elementor-element elementor-element-77fe4990 elementor-widget elementor-widget-image\" data-id=\"77fe4990\" data-element_type=\"widget\" data-widget_type=\"image.default\">\n\t\t\t\t<div class=\"elementor-widget-container\">\n\t\t\t\t\t\t\t\t\t\t\t\t\t\t\t<img width=\"2560\" height=\"1638\" src=\"https:\/\/xn--oberdrferbrot-mmb.ch\/wp-content\/uploads\/2026\/02\/20260203_143847_02-scaled.jpg\" class=\"attachment-full size-full\" alt=\"\" loading=\"lazy\" srcset=\"https:\/\/xn--oberdrferbrot-mmb.ch\/wp-content\/uploads\/2026\/02\/20260203_143847_02-scaled.jpg 2560w, https:\/\/xn--oberdrferbrot-mmb.ch\/wp-content\/uploads\/2026\/02\/20260203_143847_02-300x192.jpg 300w, https:\/\/xn--oberdrferbrot-mmb.ch\/wp-content\/uploads\/2026\/02\/20260203_143847_02-1024x655.jpg 1024w, https:\/\/xn--oberdrferbrot-mmb.ch\/wp-content\/uploads\/2026\/02\/20260203_143847_02-768x491.jpg 768w, https:\/\/xn--oberdrferbrot-mmb.ch\/wp-content\/uploads\/2026\/02\/20260203_143847_02-1536x983.jpg 1536w, https:\/\/xn--oberdrferbrot-mmb.ch\/wp-content\/uploads\/2026\/02\/20260203_143847_02-2048x1310.jpg 2048w\" sizes=\"(max-width: 2560px) 100vw, 2560px\" \/>\t\t\t\t\t\t\t\t\t\t\t\t\t\t\t<\/div>\n\t\t\t\t<\/div>\n\t\t\t\t\t<\/div>\n\t\t<\/div>\n\t\t\t\t\t\t\t<\/div>\n\t\t<\/section>\n\t\t\t\t<section class=\"elementor-section elementor-top-section elementor-element elementor-element-1b4247b4 elementor-section-content-middle elementor-hidden-desktop elementor-hidden-tablet elementor-hidden-mobile elementor-section-boxed elementor-section-height-default elementor-section-height-default\" data-id=\"1b4247b4\" data-element_type=\"section\" data-settings=\"{&quot;background_background&quot;:&quot;classic&quot;}\">\n\t\t\t\t\t\t<div class=\"elementor-container elementor-column-gap-default\">\n\t\t\t\t\t<div class=\"elementor-column elementor-col-50 elementor-top-column elementor-element elementor-element-67270c9b\" data-id=\"67270c9b\" data-element_type=\"column\">\n\t\t\t<div class=\"elementor-widget-wrap elementor-element-populated\">\n\t\t\t\t\t\t\t\t<div class=\"elementor-element elementor-element-7cc3ad45 elementor-widget elementor-widget-image\" data-id=\"7cc3ad45\" data-element_type=\"widget\" data-widget_type=\"image.default\">\n\t\t\t\t<div class=\"elementor-widget-container\">\n\t\t\t\t\t\t\t\t\t\t\t\t\t\t\t<img width=\"2560\" height=\"1440\" src=\"https:\/\/xn--oberdrferbrot-mmb.ch\/wp-content\/uploads\/2021\/08\/DSC_0023_1-scaled.jpg\" class=\"attachment-full size-full\" alt=\"\" loading=\"lazy\" srcset=\"https:\/\/xn--oberdrferbrot-mmb.ch\/wp-content\/uploads\/2021\/08\/DSC_0023_1-scaled.jpg 2560w, https:\/\/xn--oberdrferbrot-mmb.ch\/wp-content\/uploads\/2021\/08\/DSC_0023_1-300x169.jpg 300w, https:\/\/xn--oberdrferbrot-mmb.ch\/wp-content\/uploads\/2021\/08\/DSC_0023_1-1024x576.jpg 1024w, https:\/\/xn--oberdrferbrot-mmb.ch\/wp-content\/uploads\/2021\/08\/DSC_0023_1-768x432.jpg 768w, https:\/\/xn--oberdrferbrot-mmb.ch\/wp-content\/uploads\/2021\/08\/DSC_0023_1-1536x864.jpg 1536w, https:\/\/xn--oberdrferbrot-mmb.ch\/wp-content\/uploads\/2021\/08\/DSC_0023_1-2048x1152.jpg 2048w\" sizes=\"(max-width: 2560px) 100vw, 2560px\" \/>\t\t\t\t\t\t\t\t\t\t\t\t\t\t\t<\/div>\n\t\t\t\t<\/div>\n\t\t\t\t\t<\/div>\n\t\t<\/div>\n\t\t\t\t<div class=\"elementor-column elementor-col-50 elementor-top-column elementor-element elementor-element-6dde35e8\" data-id=\"6dde35e8\" data-element_type=\"column\">\n\t\t\t<div class=\"elementor-widget-wrap elementor-element-populated\">\n\t\t\t\t\t\t\t\t<div class=\"elementor-element elementor-element-3576f7e3 elementor-widget elementor-widget-heading\" data-id=\"3576f7e3\" data-element_type=\"widget\" data-widget_type=\"heading.default\">\n\t\t\t\t<div class=\"elementor-widget-container\">\n\t\t\t<h2 class=\"elementor-heading-title elementor-size-default\">auf Anfrage<\/h2>\t\t<\/div>\n\t\t\t\t<\/div>\n\t\t\t\t<div class=\"elementor-element elementor-element-2c96c346 elementor-widget elementor-widget-heading\" data-id=\"2c96c346\" data-element_type=\"widget\" data-widget_type=\"heading.default\">\n\t\t\t\t<div class=\"elementor-widget-container\">\n\t\t\t<h2 class=\"elementor-heading-title elementor-size-default\">Ihre Ideen<\/h2>\t\t<\/div>\n\t\t\t\t<\/div>\n\t\t\t\t<div class=\"elementor-element elementor-element-16adb728 elementor-widget elementor-widget-text-editor\" data-id=\"16adb728\" data-element_type=\"widget\" data-widget_type=\"text-editor.default\">\n\t\t\t\t<div class=\"elementor-widget-container\">\n\t\t\t\t\t\t\t<p>Planen Sie ein Fest oder brauchen Sie z.B. ein &#8222;Dankesch\u00f6n&#8220; f\u00fcr einen bestimmten Anlass? Dann melden Sie sich bei uns. Gerne sind wir bereit, Ihre Vorstellungen mit unseren M\u00f6glichkeiten zu pr\u00fcfen.<\/p>\t\t\t\t\t\t<\/div>\n\t\t\t\t<\/div>\n\t\t\t\t<div class=\"elementor-element elementor-element-4737816 elementor-widget-divider--view-line elementor-widget elementor-widget-divider\" data-id=\"4737816\" data-element_type=\"widget\" data-widget_type=\"divider.default\">\n\t\t\t\t<div class=\"elementor-widget-container\">\n\t\t\t\t\t<div class=\"elementor-divider\">\n\t\t\t<span class=\"elementor-divider-separator\">\n\t\t\t\t\t\t<\/span>\n\t\t<\/div>\n\t\t\t\t<\/div>\n\t\t\t\t<\/div>\n\t\t\t\t\t<\/div>\n\t\t<\/div>\n\t\t\t\t\t\t\t<\/div>\n\t\t<\/section>\n\t\t\t\t\t\t<\/div>\n\t\t\t\t\t<\/div>\n\t\t","protected":false},"excerpt":{"rendered":"<p>immer Dienstags unser Verkaufsladen Jeden Dienstag bieten wir unser Standardsortiment zum Verkauf an. auf Anfrage Ihre Ideen Planen Sie ein Fest oder brauchen Sie z.B. ein &#8222;Dankesch\u00f6n&#8220; f\u00fcr einen bestimmten Anlass? Dann melden Sie sich bei uns. Gerne sind wir bereit, Ihre Vorstellungen mit unseren M\u00f6glichkeiten zu pr\u00fcfen.<\/p>\n","protected":false},"author":2,"featured_media":0,"parent":0,"menu_order":0,"comment_status":"closed","ping_status":"closed","template":"","meta":[],"_links":{"self":[{"href":"https:\/\/xn--oberdrferbrot-mmb.ch\/index.php?rest_route=\/wp\/v2\/pages\/352"}],"collection":[{"href":"https:\/\/xn--oberdrferbrot-mmb.ch\/index.php?rest_route=\/wp\/v2\/pages"}],"about":[{"href":"https:\/\/xn--oberdrferbrot-mmb.ch\/index.php?rest_route=\/wp\/v2\/types\/page"}],"author":[{"embeddable":true,"href":"https:\/\/xn--oberdrferbrot-mmb.ch\/index.php?rest_route=\/wp\/v2\/users\/2"}],"replies":[{"embeddable":true,"href":"https:\/\/xn--oberdrferbrot-mmb.ch\/index.php?rest_route=%2Fwp%2Fv2%2Fcomments&post=352"}],"version-history":[{"count":48,"href":"https:\/\/xn--oberdrferbrot-mmb.ch\/index.php?rest_route=\/wp\/v2\/pages\/352\/revisions"}],"predecessor-version":[{"id":1206,"href":"https:\/\/xn--oberdrferbrot-mmb.ch\/index.php?rest_route=\/wp\/v2\/pages\/352\/revisions\/1206"}],"wp:attachment":[{"href":"https:\/\/xn--oberdrferbrot-mmb.ch\/index.php?rest_route=%2Fwp%2Fv2%2Fmedia&parent=352"}],"curies":[{"name":"wp","href":"https:\/\/api.w.org\/{rel}","templated":true}]}}